{"id":1723,"date":"2021-12-06T14:02:52","date_gmt":"2021-12-06T13:02:52","guid":{"rendered":"https:\/\/www.belgarde.be\/?page_id=1723"},"modified":"2025-12-10T14:14:05","modified_gmt":"2025-12-10T13:14:05","slug":"bedankt-voor-je-sollicitatie","status":"publish","type":"page","link":"https:\/\/www.belgarde.be\/fr\/bedankt-voor-je-sollicitatie\/","title":{"rendered":"Bedankt voor je sollicitatie!"},"content":{"rendered":"<div data-elementor-type=\"wp-page\" data-elementor-id=\"1723\" class=\"elementor elementor-1723\" data-elementor-post-type=\"page\">\n\t\t\t\t\t\t<section class=\"elementor-section elementor-top-section elementor-element elementor-element-3a34636 elementor-reverse-mobile elementor-section-boxed elementor-section-height-default elementor-section-height-default\" data-id=\"3a34636\" data-element_type=\"section\" data-e-type=\"section\">\n\t\t\t\t\t\t<div class=\"elementor-container elementor-column-gap-default\">\n\t\t\t\t\t<div class=\"elementor-column elementor-col-50 elementor-top-column elementor-element elementor-element-4dfbd97\" data-id=\"4dfbd97\" data-element_type=\"column\" data-e-type=\"column\">\n\t\t\t<div class=\"elementor-widget-wrap elementor-element-populated\">\n\t\t\t\t\t\t<div class=\"elementor-element elementor-element-e6b7cd2 elementor-widget elementor-widget-heading\" data-id=\"e6b7cd2\" data-element_type=\"widget\" data-e-type=\"widget\" data-widget_type=\"heading.default\">\n\t\t\t\t<div class=\"elementor-widget-container\">\n\t\t\t\t\t<h1 class=\"elementor-heading-title elementor-size-default\">Merci pour votre candidature !<\/h1>\t\t\t\t<\/div>\n\t\t\t\t<\/div>\n\t\t\t\t<div class=\"elementor-element elementor-element-2f4bf10 elementor-widget elementor-widget-text-editor\" data-id=\"2f4bf10\" data-element_type=\"widget\" data-e-type=\"widget\" data-widget_type=\"text-editor.default\">\n\t\t\t\t<div class=\"elementor-widget-container\">\n\t\t\t\t\t\t\t\t\t<p>Nous nous effor\u00e7ons de r\u00e9pondre \u00e0 votre candidature dans un d\u00e9lai de 2 jours ouvrables.<\/p>\t\t\t\t\t\t\t\t<\/div>\n\t\t\t\t<\/div>\n\t\t\t\t\t<\/div>\n\t\t<\/div>\n\t\t\t\t<div class=\"elementor-column elementor-col-50 elementor-top-column elementor-element elementor-element-558b2d3\" data-id=\"558b2d3\" data-element_type=\"column\" data-e-type=\"column\">\n\t\t\t<div class=\"elementor-widget-wrap elementor-element-populated\">\n\t\t\t\t\t\t<div class=\"elementor-element elementor-element-231ad0b elementor-widget elementor-widget-image\" data-id=\"231ad0b\" data-element_type=\"widget\" data-e-type=\"widget\" data-widget_type=\"image.default\">\n\t\t\t\t<div class=\"elementor-widget-container\">\n\t\t\t\t\t\t\t\t\t\t\t\t\t\t\t<img fetchpriority=\"high\" decoding=\"async\" width=\"800\" height=\"384\" src=\"https:\/\/www.belgarde.be\/wp-content\/uploads\/2023\/08\/Homepage-Belgarde-2023-1024x491.jpg\" class=\"attachment-large size-large wp-image-1851\" alt=\"\" srcset=\"https:\/\/www.belgarde.be\/wp-content\/uploads\/2023\/08\/Homepage-Belgarde-2023-1024x491.jpg 1024w, https:\/\/www.belgarde.be\/wp-content\/uploads\/2023\/08\/Homepage-Belgarde-2023-300x144.jpg 300w, https:\/\/www.belgarde.be\/wp-content\/uploads\/2023\/08\/Homepage-Belgarde-2023-768x368.jpg 768w, https:\/\/www.belgarde.be\/wp-content\/uploads\/2023\/08\/Homepage-Belgarde-2023-1536x737.jpg 1536w, https:\/\/www.belgarde.be\/wp-content\/uploads\/2023\/08\/Homepage-Belgarde-2023-18x9.jpg 18w, https:\/\/www.belgarde.be\/wp-content\/uploads\/2023\/08\/Homepage-Belgarde-2023.jpg 1920w\" sizes=\"(max-width: 800px) 100vw, 800px\" \/>\t\t\t\t\t\t\t\t\t\t\t\t\t\t\t<\/div>\n\t\t\t\t<\/div>\n\t\t\t\t\t<\/div>\n\t\t<\/div>\n\t\t\t\t\t<\/div>\n\t\t<\/section>\n\t\t\t\t<\/div>","protected":false},"excerpt":{"rendered":"<p>Bedankt voor je sollicitatie Wij streven ernaar om je sollicitatie binnen 2 werkdagen te beantwoorden.<\/p>","protected":false},"author":1,"featured_media":0,"parent":0,"menu_order":0,"comment_status":"closed","ping_status":"closed","template":"","meta":{"_acf_changed":false,"inline_featured_image":false,"footnotes":""},"class_list":["post-1723","page","type-page","status-publish","hentry"],"acf":[],"_links":{"self":[{"href":"https:\/\/www.belgarde.be\/fr\/wp-json\/wp\/v2\/pages\/1723","targetHints":{"allow":["GET"]}}],"collection":[{"href":"https:\/\/www.belgarde.be\/fr\/wp-json\/wp\/v2\/pages"}],"about":[{"href":"https:\/\/www.belgarde.be\/fr\/wp-json\/wp\/v2\/types\/page"}],"author":[{"embeddable":true,"href":"https:\/\/www.belgarde.be\/fr\/wp-json\/wp\/v2\/users\/1"}],"replies":[{"embeddable":true,"href":"https:\/\/www.belgarde.be\/fr\/wp-json\/wp\/v2\/comments?post=1723"}],"version-history":[{"count":7,"href":"https:\/\/www.belgarde.be\/fr\/wp-json\/wp\/v2\/pages\/1723\/revisions"}],"predecessor-version":[{"id":1973,"href":"https:\/\/www.belgarde.be\/fr\/wp-json\/wp\/v2\/pages\/1723\/revisions\/1973"}],"wp:attachment":[{"href":"https:\/\/www.belgarde.be\/fr\/wp-json\/wp\/v2\/media?parent=1723"}],"curies":[{"name":"wp","href":"https:\/\/api.w.org\/{rel}","templated":true}]}}