{"id":199,"date":"2020-09-17T07:41:02","date_gmt":"2020-09-17T07:41:02","guid":{"rendered":"http:\/\/dewild.testomgeving.website\/?page_id=199"},"modified":"2021-01-26T11:19:03","modified_gmt":"2021-01-26T10:19:03","slug":"silky","status":"publish","type":"page","link":"https:\/\/www.belgarde.be\/fr\/onze-merken\/silky\/","title":{"rendered":"Silky"},"content":{"rendered":"<div data-elementor-type=\"wp-page\" data-elementor-id=\"199\" class=\"elementor elementor-199\" data-elementor-post-type=\"page\">\n\t\t\t\t\t\t<section class=\"elementor-section elementor-top-section elementor-element elementor-element-e1cb387 elementor-section-height-min-height elementor-section-boxed elementor-section-height-default elementor-section-items-middle elementor-invisible\" data-id=\"e1cb387\" data-element_type=\"section\" data-e-type=\"section\" data-settings=\"{&quot;background_background&quot;:&quot;classic&quot;,&quot;animation&quot;:&quot;fadeIn&quot;}\">\n\t\t\t\t\t\t<div class=\"elementor-container elementor-column-gap-default\">\n\t\t\t\t\t<div class=\"elementor-column elementor-col-100 elementor-top-column elementor-element elementor-element-ae6d6fc\" data-id=\"ae6d6fc\" data-element_type=\"column\" data-e-type=\"column\">\n\t\t\t<div class=\"elementor-widget-wrap\">\n\t\t\t\t\t\t\t<\/div>\n\t\t<\/div>\n\t\t\t\t\t<\/div>\n\t\t<\/section>\n\t\t\t\t<section class=\"elementor-section elementor-top-section elementor-element elementor-element-18adf14 elementor-section-height-min-height elementor-section-boxed elementor-section-height-default elementor-section-items-middle elementor-invisible\" data-id=\"18adf14\" data-element_type=\"section\" data-e-type=\"section\" data-settings=\"{&quot;background_background&quot;:&quot;classic&quot;,&quot;animation&quot;:&quot;fadeIn&quot;,&quot;animation_delay&quot;:1000}\">\n\t\t\t\t\t\t<div class=\"elementor-container elementor-column-gap-default\">\n\t\t\t\t\t<div class=\"elementor-column elementor-col-33 elementor-top-column elementor-element elementor-element-80b6193\" data-id=\"80b6193\" data-element_type=\"column\" data-e-type=\"column\">\n\t\t\t<div class=\"elementor-widget-wrap\">\n\t\t\t\t\t\t\t<\/div>\n\t\t<\/div>\n\t\t\t\t<div class=\"elementor-column elementor-col-33 elementor-top-column elementor-element elementor-element-8a4ee98\" data-id=\"8a4ee98\" data-element_type=\"column\" data-e-type=\"column\">\n\t\t\t<div class=\"elementor-widget-wrap elementor-element-populated\">\n\t\t\t\t\t\t<div class=\"elementor-element elementor-element-7d361dc elementor-widget elementor-widget-image\" data-id=\"7d361dc\" data-element_type=\"widget\" data-e-type=\"widget\" data-widget_type=\"image.default\">\n\t\t\t\t<div class=\"elementor-widget-container\">\n\t\t\t\t\t\t\t\t\t\t\t\t\t\t\t<img fetchpriority=\"high\" decoding=\"async\" width=\"800\" height=\"800\" src=\"https:\/\/www.belgarde.be\/wp-content\/uploads\/2020\/09\/Group-270.svg\" class=\"attachment-large size-large wp-image-202\" alt=\"\" \/>\t\t\t\t\t\t\t\t\t\t\t\t\t\t\t<\/div>\n\t\t\t\t<\/div>\n\t\t\t\t\t<\/div>\n\t\t<\/div>\n\t\t\t\t<div class=\"elementor-column elementor-col-33 elementor-top-column elementor-element elementor-element-ac555c5\" data-id=\"ac555c5\" data-element_type=\"column\" data-e-type=\"column\">\n\t\t\t<div class=\"elementor-widget-wrap elementor-element-populated\">\n\t\t\t\t\t\t<div class=\"elementor-element elementor-element-3e4e221 elementor-grid-3 e-grid-align-right elementor-shape-rounded elementor-widget elementor-widget-social-icons\" data-id=\"3e4e221\" data-element_type=\"widget\" data-e-type=\"widget\" data-widget_type=\"social-icons.default\">\n\t\t\t\t<div class=\"elementor-widget-container\">\n\t\t\t\t\t\t\t<div class=\"elementor-social-icons-wrapper elementor-grid\" role=\"list\">\n\t\t\t\t\t\t\t<span class=\"elementor-grid-item\" role=\"listitem\">\n\t\t\t\t\t<a class=\"elementor-icon elementor-social-icon elementor-social-icon-instagram elementor-repeater-item-d68de6b\" href=\"https:\/\/www.instagram.com\/silkyeurope\/\" target=\"_blank\">\n\t\t\t\t\t\t<span class=\"elementor-screen-only\">Instagram<\/span>\n\t\t\t\t\t\t<i aria-hidden=\"true\" class=\"fab fa-instagram\"><\/i>\t\t\t\t\t<\/a>\n\t\t\t\t<\/span>\n\t\t\t\t\t\t\t<span class=\"elementor-grid-item\" role=\"listitem\">\n\t\t\t\t\t<a class=\"elementor-icon elementor-social-icon elementor-social-icon-youtube elementor-repeater-item-1a57bcb\" href=\"https:\/\/www.youtube.com\/SilkyChannel\" target=\"_blank\">\n\t\t\t\t\t\t<span class=\"elementor-screen-only\">Youtube<\/span>\n\t\t\t\t\t\t<i aria-hidden=\"true\" class=\"fab fa-youtube\"><\/i>\t\t\t\t\t<\/a>\n\t\t\t\t<\/span>\n\t\t\t\t\t\t\t<span class=\"elementor-grid-item\" role=\"listitem\">\n\t\t\t\t\t<a class=\"elementor-icon elementor-social-icon elementor-social-icon-facebook-f elementor-repeater-item-92ef12f\" href=\"https:\/\/www.facebook.com\/SilkyEurope\/\" target=\"_blank\">\n\t\t\t\t\t\t<span class=\"elementor-screen-only\">Facebook-f<\/span>\n\t\t\t\t\t\t<i aria-hidden=\"true\" class=\"fab fa-facebook-f\"><\/i>\t\t\t\t\t<\/a>\n\t\t\t\t<\/span>\n\t\t\t\t\t<\/div>\n\t\t\t\t\t\t<\/div>\n\t\t\t\t<\/div>\n\t\t\t\t\t<\/div>\n\t\t<\/div>\n\t\t\t\t\t<\/div>\n\t\t<\/section>\n\t\t\t\t<section class=\"elementor-section elementor-top-section elementor-element elementor-element-57305a5 elementor-reverse-mobile elementor-section-boxed elementor-section-height-default elementor-section-height-default\" data-id=\"57305a5\" data-element_type=\"section\" data-e-type=\"section\">\n\t\t\t\t\t\t<div class=\"elementor-container elementor-column-gap-default\">\n\t\t\t\t\t<div class=\"elementor-column elementor-col-50 elementor-top-column elementor-element elementor-element-9eb9868\" data-id=\"9eb9868\" data-element_type=\"column\" data-e-type=\"column\">\n\t\t\t<div class=\"elementor-widget-wrap elementor-element-populated\">\n\t\t\t\t\t\t<div class=\"elementor-element elementor-element-da510a2 elementor-widget elementor-widget-image\" data-id=\"da510a2\" data-element_type=\"widget\" data-e-type=\"widget\" data-widget_type=\"image.default\">\n\t\t\t\t<div class=\"elementor-widget-container\">\n\t\t\t\t\t\t\t\t\t\t\t\t\t\t\t<img decoding=\"async\" width=\"576\" height=\"340\" src=\"https:\/\/www.belgarde.be\/wp-content\/uploads\/2020\/09\/in-factory-2_bewerkt.jpg\" class=\"attachment-large size-large wp-image-206\" alt=\"\" srcset=\"https:\/\/www.belgarde.be\/wp-content\/uploads\/2020\/09\/in-factory-2_bewerkt.jpg 576w, https:\/\/www.belgarde.be\/wp-content\/uploads\/2020\/09\/in-factory-2_bewerkt-300x177.jpg 300w\" sizes=\"(max-width: 576px) 100vw, 576px\" \/>\t\t\t\t\t\t\t\t\t\t\t\t\t\t\t<\/div>\n\t\t\t\t<\/div>\n\t\t\t\t\t<\/div>\n\t\t<\/div>\n\t\t\t\t<div class=\"elementor-column elementor-col-50 elementor-top-column elementor-element elementor-element-2d3ef8d\" data-id=\"2d3ef8d\" data-element_type=\"column\" data-e-type=\"column\">\n\t\t\t<div class=\"elementor-widget-wrap elementor-element-populated\">\n\t\t\t\t\t\t<div class=\"elementor-element elementor-element-d803605 elementor-widget elementor-widget-heading\" data-id=\"d803605\" data-element_type=\"widget\" data-e-type=\"widget\" data-widget_type=\"heading.default\">\n\t\t\t\t<div class=\"elementor-widget-container\">\n\t\t\t\t\t<h2 class=\"elementor-heading-title elementor-size-default\">L'artisanat japonais<\/h2>\t\t\t\t<\/div>\n\t\t\t\t<\/div>\n\t\t\t\t<div class=\"elementor-element elementor-element-627ec04 elementor-widget elementor-widget-text-editor\" data-id=\"627ec04\" data-element_type=\"widget\" data-e-type=\"widget\" data-widget_type=\"text-editor.default\">\n\t\t\t\t<div class=\"elementor-widget-container\">\n\t\t\t\t\t\t\t\t\t<p>Silky a plus de 100 ans d'exp\u00e9rience dans la fabrication de scies \u00e0 main. Cet ancien m\u00e9tier a \u00e9volu\u00e9 au fil des ans, passant des marteaux et des fours aux techniques laser les plus modernes, tout en conservant la passion et le d\u00e9vouement pour ce m\u00e9tier.<\/p><p>La connaissance in\u00e9gal\u00e9e de l'alliage et de l'usinage des m\u00e9taux offre une qualit\u00e9 unique que vous trouverez dans chaque scie Silky. Les lames de l'\u00ab Authentic Premium Japanese Steel \u00bb sont dures et r\u00e9sistantes \u00e0 l'usure gr\u00e2ce \u00e0 leur haute teneur en carbone, et en m\u00eame temps flexibles gr\u00e2ce \u00e0 leur noyau plus souple.<\/p>\t\t\t\t\t\t\t\t<\/div>\n\t\t\t\t<\/div>\n\t\t\t\t\t<\/div>\n\t\t<\/div>\n\t\t\t\t\t<\/div>\n\t\t<\/section>\n\t\t\t\t<section class=\"elementor-section elementor-top-section elementor-element elementor-element-997d80e elementor-section-boxed elementor-section-height-default elementor-section-height-default\" data-id=\"997d80e\" data-element_type=\"section\" data-e-type=\"section\">\n\t\t\t\t\t\t<div class=\"elementor-container elementor-column-gap-default\">\n\t\t\t\t\t<div class=\"elementor-column elementor-col-50 elementor-top-column elementor-element elementor-element-8ff2a11\" data-id=\"8ff2a11\" data-element_type=\"column\" data-e-type=\"column\">\n\t\t\t<div class=\"elementor-widget-wrap elementor-element-populated\">\n\t\t\t\t\t\t<div class=\"elementor-element elementor-element-f187edc elementor-widget elementor-widget-heading\" data-id=\"f187edc\" data-element_type=\"widget\" data-e-type=\"widget\" data-widget_type=\"heading.default\">\n\t\t\t\t<div class=\"elementor-widget-container\">\n\t\t\t\t\t<h2 class=\"elementor-heading-title elementor-size-default\">Innovation et technique<\/h2>\t\t\t\t<\/div>\n\t\t\t\t<\/div>\n\t\t\t\t<div class=\"elementor-element elementor-element-61abb03 elementor-widget elementor-widget-text-editor\" data-id=\"61abb03\" data-element_type=\"widget\" data-e-type=\"widget\" data-widget_type=\"text-editor.default\">\n\t\t\t\t<div class=\"elementor-widget-container\">\n\t\t\t\t\t\t\t\t\t<p>Les dents de scie ne sont pas r\u00e9gl\u00e9es, mais sont coup\u00e9es au laser avec une grande pr\u00e9cision. Chaque dent poss\u00e8de quatre tranchants diff\u00e9rents qui, ensemble, assurent une coupe propre et une bonne \u00e9limination de la sciure. Les pointes durcies par induction, permettent aux dents de rester aiguis\u00e9es plus longtemps. Un rev\u00eatement de nickel prot\u00e8ge la lame de la rouille.<\/p><p>Bien s\u00fbr, elle ne s'arr\u00eate pas \u00e0 la fabrication de lames de scie. Une poign\u00e9e confortable ou un \u00e9tui pratique compl\u00e8te la scie. Silky a mis au point un syst\u00e8me de rouleaux novateur qui prot\u00e8ge l\u2019entr\u00e9e de l\u2019\u00e9tui des dents pointues et une poign\u00e9e en caoutchouc GOM qui absorbe les vibrations et procure une sensation de chaleur permanente.<\/p>\t\t\t\t\t\t\t\t<\/div>\n\t\t\t\t<\/div>\n\t\t\t\t\t<\/div>\n\t\t<\/div>\n\t\t\t\t<div class=\"elementor-column elementor-col-50 elementor-top-column elementor-element elementor-element-9a706d1\" data-id=\"9a706d1\" data-element_type=\"column\" data-e-type=\"column\">\n\t\t\t<div class=\"elementor-widget-wrap elementor-element-populated\">\n\t\t\t\t\t\t<div class=\"elementor-element elementor-element-9b55a53 elementor-widget elementor-widget-image\" data-id=\"9b55a53\" data-element_type=\"widget\" data-e-type=\"widget\" data-widget_type=\"image.default\">\n\t\t\t\t<div class=\"elementor-widget-container\">\n\t\t\t\t\t\t\t\t\t\t\t\t\t\t\t<img decoding=\"async\" width=\"576\" height=\"340\" src=\"https:\/\/www.belgarde.be\/wp-content\/uploads\/2020\/09\/NickelCoating2.jpg\" class=\"attachment-large size-large wp-image-204\" alt=\"\" srcset=\"https:\/\/www.belgarde.be\/wp-content\/uploads\/2020\/09\/NickelCoating2.jpg 576w, https:\/\/www.belgarde.be\/wp-content\/uploads\/2020\/09\/NickelCoating2-300x177.jpg 300w\" sizes=\"(max-width: 576px) 100vw, 576px\" \/>\t\t\t\t\t\t\t\t\t\t\t\t\t\t\t<\/div>\n\t\t\t\t<\/div>\n\t\t\t\t\t<\/div>\n\t\t<\/div>\n\t\t\t\t\t<\/div>\n\t\t<\/section>\n\t\t\t\t<section class=\"elementor-section elementor-top-section elementor-element elementor-element-e919595 elementor-reverse-mobile elementor-section-boxed elementor-section-height-default elementor-section-height-default\" data-id=\"e919595\" data-element_type=\"section\" data-e-type=\"section\">\n\t\t\t\t\t\t<div class=\"elementor-container elementor-column-gap-default\">\n\t\t\t\t\t<div class=\"elementor-column elementor-col-50 elementor-top-column elementor-element elementor-element-8cc47e8\" data-id=\"8cc47e8\" data-element_type=\"column\" data-e-type=\"column\">\n\t\t\t<div class=\"elementor-widget-wrap elementor-element-populated\">\n\t\t\t\t\t\t<div class=\"elementor-element elementor-element-848b95c elementor-widget elementor-widget-image\" data-id=\"848b95c\" data-element_type=\"widget\" data-e-type=\"widget\" data-widget_type=\"image.default\">\n\t\t\t\t<div class=\"elementor-widget-container\">\n\t\t\t\t\t\t\t\t\t\t\t\t\t\t\t<img loading=\"lazy\" decoding=\"async\" width=\"576\" height=\"340\" src=\"https:\/\/www.belgarde.be\/wp-content\/uploads\/2020\/09\/DSC_0023.jpg\" class=\"attachment-large size-large wp-image-205\" alt=\"\" srcset=\"https:\/\/www.belgarde.be\/wp-content\/uploads\/2020\/09\/DSC_0023.jpg 576w, https:\/\/www.belgarde.be\/wp-content\/uploads\/2020\/09\/DSC_0023-300x177.jpg 300w\" sizes=\"(max-width: 576px) 100vw, 576px\" \/>\t\t\t\t\t\t\t\t\t\t\t\t\t\t\t<\/div>\n\t\t\t\t<\/div>\n\t\t\t\t\t<\/div>\n\t\t<\/div>\n\t\t\t\t<div class=\"elementor-column elementor-col-50 elementor-top-column elementor-element elementor-element-6717f0d\" data-id=\"6717f0d\" data-element_type=\"column\" data-e-type=\"column\">\n\t\t\t<div class=\"elementor-widget-wrap elementor-element-populated\">\n\t\t\t\t\t\t<div class=\"elementor-element elementor-element-52d3876 elementor-widget elementor-widget-heading\" data-id=\"52d3876\" data-element_type=\"widget\" data-e-type=\"widget\" data-widget_type=\"heading.default\">\n\t\t\t\t<div class=\"elementor-widget-container\">\n\t\t\t\t\t<h2 class=\"elementor-heading-title elementor-size-default\">La scie \u00e0 main la plus rapide du monde<\/h2>\t\t\t\t<\/div>\n\t\t\t\t<\/div>\n\t\t\t\t<div class=\"elementor-element elementor-element-ae4b833 elementor-widget elementor-widget-text-editor\" data-id=\"ae4b833\" data-element_type=\"widget\" data-e-type=\"widget\" data-widget_type=\"text-editor.default\">\n\t\t\t\t<div class=\"elementor-widget-container\">\n\t\t\t\t\t\t\t\t\t<p>Les scies Silky sont connues comme les meilleures scies \u00e0 main du monde. Ce n'est pas un hasard si tous les arboriculteurs professionnels ont une scie Z\u00fcbat, Tsurugi ou autre Silky suspendue \u00e0 leur ceinture d'escalade. Mais le jardinier, le d\u00e9broussailleur, le menuisier et tous ceux qui connaissent l'importance de bons outils, ne jurent que par la scie Silky.<\/p><p>Les scies \u00e0 coupe tirante ont un grand pouvoir de coupe. La lame creuse offre peu de r\u00e9sistance, ce qui vous permet de couper \u00e0 la vitesse de l'\u00e9clair, tout en exigeant peu d'\u00e9nergie de votre corps. Silky a plus de 120 mod\u00e8les diff\u00e9rents ; des scies t\u00e9lescopiques, des scies fixes, des scies pliantes et des haches. Toujours avec un grand choix de type de lame, de longueur et de dentures.<\/p>\t\t\t\t\t\t\t\t<\/div>\n\t\t\t\t<\/div>\n\t\t\t\t\t<\/div>\n\t\t<\/div>\n\t\t\t\t\t<\/div>\n\t\t<\/section>\n\t\t\t\t<section class=\"elementor-section elementor-top-section elementor-element elementor-element-5c25223 elementor-section-boxed elementor-section-height-default elementor-section-height-default\" data-id=\"5c25223\" data-element_type=\"section\" data-e-type=\"section\">\n\t\t\t\t\t\t<div class=\"elementor-container elementor-column-gap-default\">\n\t\t\t\t\t<div class=\"elementor-column elementor-col-100 elementor-top-column elementor-element elementor-element-f728204\" data-id=\"f728204\" data-element_type=\"column\" data-e-type=\"column\">\n\t\t\t<div class=\"elementor-widget-wrap elementor-element-populated\">\n\t\t\t\t\t\t<div class=\"elementor-element elementor-element-934d5c7 elementor-widget elementor-widget-heading\" data-id=\"934d5c7\" data-element_type=\"widget\" data-e-type=\"widget\" data-widget_type=\"heading.default\">\n\t\t\t\t<div class=\"elementor-widget-container\">\n\t\t\t\t\t<h2 class=\"elementor-heading-title elementor-size-default\">Exclusif en Europe<\/h2>\t\t\t\t<\/div>\n\t\t\t\t<\/div>\n\t\t\t\t<div class=\"elementor-element elementor-element-0a60fed elementor-widget elementor-widget-text-editor\" data-id=\"0a60fed\" data-element_type=\"widget\" data-e-type=\"widget\" data-widget_type=\"text-editor.default\">\n\t\t\t\t<div class=\"elementor-widget-container\">\n\t\t\t\t\t\t\t\t\t<p>Belgarde est l'importateur europ\u00e9en exclusif de Silky. Gr\u00e2ce \u00e0 notre <a href=\"https:\/\/www.silky-europe.fr\/dealer-locator\">r\u00e9seau de distributeurs<\/a> , ces scies uniques sont distribu\u00e9es dans toute l'Europe. Vous recherchez un concessionnaire dans votre r\u00e9gion, vous souhaitez devenir concessionnaire ou vous avez une autre question ? N'h\u00e9sitez pas \u00e0 nous contacter. Vous pouvez \u00e9galement commander facilement via l'une de nos boutiques en ligne. En tant que revendeur, vous allez sur <a href=\"http:\/\/www.gtmprofessional.com\">www.gtmprofessional.com<\/a>. Pour un usage priv\u00e9 et de plus amples informations sur les scies Silky, consultez le site <a href=\"https:\/\/www.silky-europe.fr\/\">www.silky-europe.com<\/a>.<\/p>\t\t\t\t\t\t\t\t<\/div>\n\t\t\t\t<\/div>\n\t\t\t\t<section class=\"elementor-section elementor-inner-section elementor-element elementor-element-d3d1c49 elementor-section-boxed elementor-section-height-default elementor-section-height-default\" data-id=\"d3d1c49\" data-element_type=\"section\" data-e-type=\"section\">\n\t\t\t\t\t\t<div class=\"elementor-container elementor-column-gap-no\">\n\t\t\t\t\t<div class=\"elementor-column elementor-col-50 elementor-inner-column elementor-element elementor-element-5d979d0\" data-id=\"5d979d0\" data-element_type=\"column\" data-e-type=\"column\">\n\t\t\t<div class=\"elementor-widget-wrap elementor-element-populated\">\n\t\t\t\t\t\t<div class=\"elementor-element elementor-element-b1bda67 elementor-align-justify elementor-tablet-align-left elementor-widget elementor-widget-button\" data-id=\"b1bda67\" data-element_type=\"widget\" data-e-type=\"widget\" data-widget_type=\"button.default\">\n\t\t\t\t<div class=\"elementor-widget-container\">\n\t\t\t\t\t\t\t\t\t<div class=\"elementor-button-wrapper\">\n\t\t\t\t\t<a class=\"elementor-button elementor-button-link elementor-size-sm\" href=\"https:\/\/www.gtmprofessional.com\/\">\n\t\t\t\t\t\t<span class=\"elementor-button-content-wrapper\">\n\t\t\t\t\t\t\t\t\t<span class=\"elementor-button-text\">SILKY POUR REVENDEURS<\/span>\n\t\t\t\t\t<\/span>\n\t\t\t\t\t<\/a>\n\t\t\t\t<\/div>\n\t\t\t\t\t\t\t\t<\/div>\n\t\t\t\t<\/div>\n\t\t\t\t\t<\/div>\n\t\t<\/div>\n\t\t\t\t<div class=\"elementor-column elementor-col-50 elementor-inner-column elementor-element elementor-element-4f2d594\" data-id=\"4f2d594\" data-element_type=\"column\" data-e-type=\"column\">\n\t\t\t<div class=\"elementor-widget-wrap elementor-element-populated\">\n\t\t\t\t\t\t<div class=\"elementor-element elementor-element-7ae41f0 elementor-align-justify elementor-tablet-align-left elementor-widget elementor-widget-button\" data-id=\"7ae41f0\" data-element_type=\"widget\" data-e-type=\"widget\" data-widget_type=\"button.default\">\n\t\t\t\t<div class=\"elementor-widget-container\">\n\t\t\t\t\t\t\t\t\t<div class=\"elementor-button-wrapper\">\n\t\t\t\t\t<a class=\"elementor-button elementor-button-link elementor-size-sm\" href=\"https:\/\/www.silky-europe.fr\/\">\n\t\t\t\t\t\t<span class=\"elementor-button-content-wrapper\">\n\t\t\t\t\t\t\t\t\t<span class=\"elementor-button-text\">SITE WEB DE SILKY EUROPE<\/span>\n\t\t\t\t\t<\/span>\n\t\t\t\t\t<\/a>\n\t\t\t\t<\/div>\n\t\t\t\t\t\t\t\t<\/div>\n\t\t\t\t<\/div>\n\t\t\t\t\t<\/div>\n\t\t<\/div>\n\t\t\t\t\t<\/div>\n\t\t<\/section>\n\t\t\t\t\t<\/div>\n\t\t<\/div>\n\t\t\t\t\t<\/div>\n\t\t<\/section>\n\t\t\t\t<\/div>","protected":false},"excerpt":{"rendered":"<p>Instagram Youtube Facebook-f Japans vakmanschap Silky heeft ruim 100 jaar ervaring in het maken van handzagen. Deze eeuwenoude ambacht is door de jaren ge\u00ebvolueerd van hamers en ovens tot de meest moderne lasertechnieken, terwijl de passie en toewijding voor het vak is blijven bestaan. De onge\u00ebvenaarde kennis van metaallegering en -bewerking zorgen voor een unieke [&hellip;]<\/p>\n","protected":false},"author":1,"featured_media":0,"parent":13,"menu_order":0,"comment_status":"closed","ping_status":"closed","template":"","meta":{"_acf_changed":false,"inline_featured_image":false,"footnotes":""},"class_list":["post-199","page","type-page","status-publish","hentry"],"acf":[],"_links":{"self":[{"href":"https:\/\/www.belgarde.be\/fr\/wp-json\/wp\/v2\/pages\/199","targetHints":{"allow":["GET"]}}],"collection":[{"href":"https:\/\/www.belgarde.be\/fr\/wp-json\/wp\/v2\/pages"}],"about":[{"href":"https:\/\/www.belgarde.be\/fr\/wp-json\/wp\/v2\/types\/page"}],"author":[{"embeddable":true,"href":"https:\/\/www.belgarde.be\/fr\/wp-json\/wp\/v2\/users\/1"}],"replies":[{"embeddable":true,"href":"https:\/\/www.belgarde.be\/fr\/wp-json\/wp\/v2\/comments?post=199"}],"version-history":[{"count":52,"href":"https:\/\/www.belgarde.be\/fr\/wp-json\/wp\/v2\/pages\/199\/revisions"}],"predecessor-version":[{"id":1485,"href":"https:\/\/www.belgarde.be\/fr\/wp-json\/wp\/v2\/pages\/199\/revisions\/1485"}],"up":[{"embeddable":true,"href":"https:\/\/www.belgarde.be\/fr\/wp-json\/wp\/v2\/pages\/13"}],"wp:attachment":[{"href":"https:\/\/www.belgarde.be\/fr\/wp-json\/wp\/v2\/media?parent=199"}],"curies":[{"name":"wp","href":"https:\/\/api.w.org\/{rel}","templated":true}]}}